{"id":2,"date":"2021-09-13T18:37:09","date_gmt":"2021-09-13T18:37:09","guid":{"rendered":"http:\/\/farsoelaegehus.dk\/?page_id=2"},"modified":"2026-01-29T08:15:01","modified_gmt":"2026-01-29T07:15:01","slug":"sample-page","status":"publish","type":"page","link":"https:\/\/farsoelaegehus.dk\/index.php\/sample-page\/","title":{"rendered":"Hvem er vi?"},"content":{"rendered":"\n<h2 class=\"wp-block-heading\">Steinar M Sandberg, Speciall\u00e6ge i Almen medicin, klinikejer<\/h2>\n\n\n\n<p>Er i klinikken mandag, tirsdag, onsdag og fredag.<\/p>\n\n\n\n<h2 class=\"wp-block-heading\">Kari Hjulgaard, Speciall\u00e6ge i Almen medicin<\/h2>\n\n\n\n<p>Er i klinikken tirsdag og torsdag.<\/p>\n\n\n\n<h2 class=\"wp-block-heading\">Susanne Bastrup Kastberg, Speciall\u00e6ge i Almen medicin<\/h2>\n\n\n\n<p>Er i klinikken mandag, onsdag og fredag.<\/p>\n\n\n\n<h2 class=\"wp-block-heading\">Anastasiya Chernaya, L\u00e6ge under hoveduddannelse (Fase 3)<\/h2>\n\n\n\n<p>Er i klinikken alle hverdage.<\/p>\n\n\n\n<h2 class=\"wp-block-heading\">Oda Jystad Jensen, L\u00e6ge under hoveduddannelse (Sygehusblok)<\/h2>\n\n\n\n<p>Er i klinikken 1 dag om m\u00e5neden.<\/p>\n\n\n\n<h2 class=\"wp-block-heading\">Emma Trier, L\u00e6ge under uddannelse (KBU)<\/h2>\n\n\n\n<p>Er i klinikken alle hverdage.<\/p>\n\n\n\n<h2 class=\"wp-block-heading\">Marianne St\u00f8ttrup, Sygeplejerske<\/h2>\n\n\n\n<p><\/p>\n\n\n\n<h2 class=\"wp-block-heading\">Ann Dorthe Frederiksen, Sygeplejerske<\/h2>\n\n\n\n<p><\/p>\n\n\n\n<h2 class=\"wp-block-heading\">Lisbeth Sj\u00f8mann, Sygeplejerske<\/h2>\n\n\n\n<p><\/p>\n\n\n\n<h2 class=\"wp-block-heading\">Liselotte St\u00e6hr, Sygeplejerske<\/h2>\n\n\n\n<p><\/p>\n\n\n\n<h2 class=\"wp-block-heading\">Anette Borup Fristrup, Sekret\u00e6r<\/h2>\n\n\n\n<p><\/p>\n\n\n\n<h2 class=\"wp-block-heading\">Rikke Pedersen, Sekret\u00e6r \/ SOSA<\/h2>\n\n\n\n<p><\/p>\n\n\n\n<h2 class=\"wp-block-heading\">Mette M\u00f8ller Kirk, Sekret\u00e6r<\/h2>\n\n\n\n<p><\/p>\n","protected":false},"excerpt":{"rendered":"<p>Steinar M Sandberg, Speciall\u00e6ge i Almen medicin, klinikejer Er i klinikken mandag, tirsdag, onsdag og fredag. Kari Hjulgaard, Speciall\u00e6ge i Almen medicin Er i klinikken tirsdag og torsdag. Susanne Bastrup Kastberg, Speciall\u00e6ge i Almen medicin Er i klinikken mandag, onsdag og fredag. Anastasiya Chernaya, L\u00e6ge under hoveduddannelse (Fase 3) Er i klinikken alle hverdage. Oda [&hellip;]<\/p>\n","protected":false},"author":1,"featured_media":0,"parent":0,"menu_order":0,"comment_status":"closed","ping_status":"open","template":"","meta":{"footnotes":""},"class_list":["post-2","page","type-page","status-publish","hentry"],"_links":{"self":[{"href":"https:\/\/farsoelaegehus.dk\/index.php\/wp-json\/wp\/v2\/pages\/2","targetHints":{"allow":["GET"]}}],"collection":[{"href":"https:\/\/farsoelaegehus.dk\/index.php\/wp-json\/wp\/v2\/pages"}],"about":[{"href":"https:\/\/farsoelaegehus.dk\/index.php\/wp-json\/wp\/v2\/types\/page"}],"author":[{"embeddable":true,"href":"https:\/\/farsoelaegehus.dk\/index.php\/wp-json\/wp\/v2\/users\/1"}],"replies":[{"embeddable":true,"href":"https:\/\/farsoelaegehus.dk\/index.php\/wp-json\/wp\/v2\/comments?post=2"}],"version-history":[{"count":17,"href":"https:\/\/farsoelaegehus.dk\/index.php\/wp-json\/wp\/v2\/pages\/2\/revisions"}],"predecessor-version":[{"id":264,"href":"https:\/\/farsoelaegehus.dk\/index.php\/wp-json\/wp\/v2\/pages\/2\/revisions\/264"}],"wp:attachment":[{"href":"https:\/\/farsoelaegehus.dk\/index.php\/wp-json\/wp\/v2\/media?parent=2"}],"curies":[{"name":"wp","href":"https:\/\/api.w.org\/{rel}","templated":true}]}}